{"id":4587,"date":"2020-06-01T19:18:53","date_gmt":"2020-06-01T16:18:53","guid":{"rendered":"https:\/\/online.magicsens.eu\/il-progetto\/"},"modified":"2020-06-05T13:20:57","modified_gmt":"2020-06-05T10:20:57","slug":"il-progetto","status":"publish","type":"page","link":"https:\/\/online.magicsens.eu\/it\/il-progetto\/","title":{"rendered":"Il Progetto"},"content":{"rendered":"<p>[vc_row][vc_column][vc_empty_space height=&#8221;50px&#8221;][vc_column_text]<\/p>\n<h2 style=\"text-align: center;\"><strong>Il progetto<br \/>\n<\/strong><\/h2>\n<p><img decoding=\"async\" class=\"wp-image-3517 size-full alignleft\" src=\"https:\/\/online.magicsens.eu\/wp-content\/uploads\/2020\/05\/boy-teacher-1.png\" alt=\"\" width=\"300\" height=\"300\" srcset=\"https:\/\/online.magicsens.eu\/wp-content\/uploads\/2020\/05\/boy-teacher-1.png 300w, https:\/\/online.magicsens.eu\/wp-content\/uploads\/2020\/05\/boy-teacher-1-150x150.png 150w\" sizes=\"(max-width: 300px) 100vw, 300px\" \/><\/p>\n<p>In Europa, circa 15 milioni di bambini hanno Bisogni Educativi Speciali (BES). Spesso lasciano la scuola senza acquisire un titolo o una qualifica, prima di indirizzarsi verso corsi professionalizzanti specifici. Le persone con Bisogni Educativi Speciali spesso si ritrovano cos\u00ec in una situazione di disoccupazione o risultano inattive e, anche nei casi in cui l\u2019inserimento lavorativo sembra riuscito, rimangono comunque in una condizione di disparit\u00e0 rispetto ai loro pari.<br \/>\nA causa delle loro difficolt\u00e0 nella lettura, nella scrittura e\/o nel calcolo, e nonostante le loro abilit\u00e0 intellettuali, gli studenti con BES faticano molto di pi\u00f9 ad eseguire i compiti (sia a scuola sia a casa) rispetto agli altri studenti.<\/p>\n<p>Nei Paesi in cui si svolger\u00e0 il progetto, vi \u00e8 un numero molto consistente di studenti con Bisogni Educativi Speciali e, parallelamente, anche un costante aumento delle richieste di partecipazione a corsi di formazione su questo argomento da parte degli insegnanti. Secondo un\u2019indagine condotta dal Dipartimento Comunicazione del Coordinatore (FSLI), infatti, 32.452 insegnanti vorrebbero ricevere informazioni e buone pratiche per lavorare con gli studenti con BES e, tra questi, 8697 vorrebbero prendere parte ad un corso di formazione nei prossimi 6 mesi. I contenuti formativi che interessano maggiormente gli insegnanti riguardano i nuovi metodi di insegnamento e l&#8217;uso di strumenti compensativi nell&#8217;attivit\u00e0 didattica (83% degli intervistati).<\/p>\n<p>All&#8217;inizio del 2016, in Romania \u00e8 stata adottata, a completamento della Legge Nazionale sull&#8217;Istruzione n. 1\/2011, la Legge 6\/2016 sull&#8217;educazione delle persone con specifiche difficolt\u00e0 di apprendimento: \u00e8 la prima volta che la dislessia, la discalculia ed altri Bisogni Educativi speciali sono riconosciuti a livello legislativo in Romania.<\/p>\n<p>In Grecia, nel caso in cui gli studenti abbiano Bisogni Educativi Speciali, \u00e8 possibile rivolgersi a specifiche scuole private o pubbliche (Scuole Speciali di Educazione e Formazione, SMAE). Tuttavia, per vari motivi, molti bambini rimangono nelle scuole normali: spesso, per\u00f2, gli insegnanti non riescono a gestire la didattica perch\u00e9 non hanno competenze e strumenti adeguati.<\/p>\n<p>Anche in Italia, il Ministero dell&#8217;Istruzione, dell&#8217;Universit\u00e0 e della Ricerca ha espresso la necessit\u00e0 di fornire agli insegnanti metodologie e strumenti pedagogici per acquisire abilit\u00e0 e competenze pi\u00f9 articolate e coerenti, cos\u00ec da poter rispondere alle necessit\u00e0 delle persone con Bisogni Educativi Speciali.<\/p>\n<p>In Irlanda, molti insegnanti non hanno ancora una formazione adeguata che consenta loro di identificare e supportare efficacemente gli studenti con dislessia e altre difficolt\u00e0 di apprendimento specifiche. Questo, nonostante il numero di insegnanti sia aumentato negli ultimi 15 anni.<\/p>\n<p>Alla luce di questa situazione, l&#8217;obiettivo principale di MAGIC SENS \u00e8 quello di migliorare le capacit\u00e0 e le competenze di insegnanti, formatori e, in generale, di tutti quei soggetti che, nella catena educativa, operano a contatto con giovani che necessitano di Bisogni Educativi Speciali. Tra le difficolt\u00e0 pi\u00f9 riscontrate, il disturbo specifico di linguaggio, l\u2019ADHD (Disturbo da deficit di attenzione e iperattivit\u00e0), il deficit di ASD (Disturbi dello Spettro Autistico) ed il Funzionamento Intellettuale Borderline.<\/p>\n<p style=\"text-align: center;\"><button id=\"bb1\" type=\"button\" value=\"Play\" class=\"responsivevoice-button\" title=\"ResponsiveVoice Tap to Start\/Stop Speech\"><span>&#128266; Ascolta<\/span><\/button>\n        <script>\n            bb1.onclick = function(){\n                if(responsiveVoice.isPlaying()){\n                    responsiveVoice.cancel();\n                }else{\n                    responsiveVoice.speak(\"Il progetto In Europa, circa 15 milioni di bambini hanno Bisogni Educativi Speciali (BES). Spesso lasciano la scuola senza acquisire un titolo o una qualifica, prima di indirizzarsi verso corsi professionalizzanti specifici. Le persone con Bisogni Educativi Speciali spesso si ritrovano cos\u00ec in una situazione di disoccupazione o risultano inattive e, anche nei casi in cui l\u2019inserimento lavorativo sembra riuscito, rimangono comunque in una condizione di disparit\u00e0 rispetto ai loro pari. A causa delle loro difficolt\u00e0 nella lettura, nella scrittura e\/o nel calcolo, e nonostante le loro abilit\u00e0 intellettuali, gli studenti con BES faticano molto di pi\u00f9 ad eseguire i compiti (sia a scuola sia a casa) rispetto agli altri studenti. Nei Paesi in cui si svolger\u00e0 il progetto, vi \u00e8 un numero molto consistente di studenti con Bisogni Educativi Speciali e, parallelamente, anche un costante aumento delle richieste di partecipazione a corsi di formazione su questo argomento da parte degli insegnanti. Secondo un\u2019indagine condotta dal Dipartimento Comunicazione del Coordinatore (FSLI), infatti, 32.452 insegnanti vorrebbero ricevere informazioni e buone pratiche per lavorare con gli studenti con BES e, tra questi, 8697 vorrebbero prendere parte ad un corso di formazione nei prossimi 6 mesi. I contenuti formativi che interessano maggiormente gli insegnanti riguardano i nuovi metodi di insegnamento e l\\'uso di strumenti compensativi nell\\'attivit\u00e0 didattica (83% degli intervistati). All\\'inizio del 2016, in Romania \u00e8 stata adottata, a completamento della Legge Nazionale sull\\'Istruzione n. 1\/2011, la Legge 6\/2016 sull\\'educazione delle persone con specifiche difficolt\u00e0 di apprendimento: \u00e8 la prima volta che la dislessia, la discalculia ed altri Bisogni Educativi speciali sono riconosciuti a livello legislativo in Romania. In Grecia, nel caso in cui gli studenti abbiano Bisogni Educativi Speciali, \u00e8 possibile rivolgersi a specifiche scuole private o pubbliche (Scuole Speciali di Educazione e Formazione, SMAE). Tuttavia, per vari motivi, molti bambini rimangono nelle scuole normali: spesso, per\u00f2, gli insegnanti non riescono a gestire la didattica perch\u00e9 non hanno competenze e strumenti adeguati. Anche in Italia, il Ministero dell\\'Istruzione, dell\\'Universit\u00e0 e della Ricerca ha espresso la necessit\u00e0 di fornire agli insegnanti metodologie e strumenti pedagogici per acquisire abilit\u00e0 e competenze pi\u00f9 articolate e coerenti, cos\u00ec da poter rispondere alle necessit\u00e0 delle persone con Bisogni Educativi Speciali. In Irlanda, molti insegnanti non hanno ancora una formazione adeguata che consenta loro di identificare e supportare efficacemente gli studenti con dislessia e altre difficolt\u00e0 di apprendimento specifiche. Questo, nonostante il numero di insegnanti sia aumentato negli ultimi 15 anni. Alla luce di questa situazione, l\\'obiettivo principale di MAGIC SENS \u00e8 quello di migliorare le capacit\u00e0 e le competenze di insegnanti, formatori e, in generale, di tutti quei soggetti che, nella catena educativa, operano a contatto con giovani che necessitano di Bisogni Educativi Speciali. Tra le difficolt\u00e0 pi\u00f9 riscontrate, il disturbo specifico di linguaggio, l\u2019ADHD (Disturbo da deficit di attenzione e iperattivit\u00e0), il deficit di ASD (Disturbi dello Spettro Autistico) ed il Funzionamento Intellettuale Borderline.\", \"Italian Female\");\n                }\n            };\n        <\/script>\n    <\/p>\n<p>[\/vc_column_text][\/vc_column][\/vc_row][vc_row][vc_column][vc_column_text]<\/p>\n<h2 style=\"text-align: center;\" data-fontsize=\"34\" data-lineheight=\"50\"><strong>Le attivit\u00e0<\/strong><\/h2>\n<p><img decoding=\"async\" class=\"wp-image-3542 size-full alignright\" src=\"https:\/\/online.magicsens.eu\/wp-content\/uploads\/2020\/05\/girl-teacher-1.png\" alt=\"\" width=\"300\" height=\"300\" srcset=\"https:\/\/online.magicsens.eu\/wp-content\/uploads\/2020\/05\/girl-teacher-1.png 300w, https:\/\/online.magicsens.eu\/wp-content\/uploads\/2020\/05\/girl-teacher-1-150x150.png 150w\" sizes=\"(max-width: 300px) 100vw, 300px\" \/><\/p>\n<ul>\n<li>Attivazione di un processo di scambio tra i paesi partecipanti al progetto, basato su un\u2019efficace collaborazione transnazionale.<\/li>\n<li>Identificazione di buone pratiche relative alla didattica, alla legislazione ed alla valutazione in riferimento ai Bisogni Educativi Speciali al fine di identificare le politiche, gli standard e gli strumenti pi\u00f9 rilevanti in uso nei Paesi partecipanti al progetto.<\/li>\n<li>Condivisione dei risultati attraverso la creazione di un Toolkit per la didattica BES, rivolto agli insegnanti delle scuole primarie e secondarie.<\/li>\n<li>Definizione e creazione di una piattaforma online dedicata a tutti i soggetti della catena educativa, e volta a rafforzare la rete e migliorare lo scambio tra i partner, oltre che a diffondere i risultati del progetto in Europa.<\/li>\n<li>Progettazione e realizzazione di percorso formativo per insegnanti, fruibile sia online sia offline, ed adattabile in base alle esigenze degli specifici contesti nazionali.<\/li>\n<li>Divulgazione dei risultati del progetto ai professionisti attraverso corsi di formazione, campagne promozionali, incontri mirati, social media e altri canali di informazione.<\/li>\n<\/ul>\n<p><strong>L&#8217;attuazione di questo progetto a livello transnazionale e trans-settoriale consente di:<\/strong><\/p>\n<ul>\n<li>Aumentare la consapevolezza in riferimento ai punti di forza ed alle carenze della didattica BES.<\/li>\n<li>Facilitare il progressivo cambiamento delle metodologie di insegnamento, passando da un approccio statico, in cui le difficolt\u00e0 di uno studente con BES sono semplicemente accertate, ad un approccio attivo in cui \u00e8 davvero possibile rispondere alle esigenze degli studenti con BES.<\/li>\n<li>Creare modelli di condivisione e scambio di buone pratiche e di esperienze.<\/li>\n<\/ul>\n<p>&nbsp;<\/p>\n<p>&nbsp;<\/p>\n<p style=\"text-align: center;\"><button id=\"bb2\" type=\"button\" value=\"Play\" class=\"responsivevoice-button\" title=\"ResponsiveVoice Tap to Start\/Stop Speech\"><span>&#128266; Ascolta<\/span><\/button>\n        <script>\n            bb2.onclick = function(){\n                if(responsiveVoice.isPlaying()){\n                    responsiveVoice.cancel();\n                }else{\n                    responsiveVoice.speak(\"Le attivit\u00e0 Attivazione di un processo di scambio tra i paesi partecipanti al progetto, basato su un\u2019efficace collaborazione transnazionale. Identificazione di buone pratiche relative alla didattica, alla legislazione ed alla valutazione in riferimento ai Bisogni Educativi Speciali al fine di identificare le politiche, gli standard e gli strumenti pi\u00f9 rilevanti in uso nei Paesi partecipanti al progetto. Condivisione dei risultati attraverso la creazione di un Toolkit per la didattica BES, rivolto agli insegnanti delle scuole primarie e secondarie. Definizione e creazione di una piattaforma online dedicata a tutti i soggetti della catena educativa, e volta a rafforzare la rete e migliorare lo scambio tra i partner, oltre che a diffondere i risultati del progetto in Europa. Progettazione e realizzazione di percorso formativo per insegnanti, fruibile sia online sia offline, ed adattabile in base alle esigenze degli specifici contesti nazionali. Divulgazione dei risultati del progetto ai professionisti attraverso corsi di formazione, campagne promozionali, incontri mirati, social media e altri canali di informazione. L\\'attuazione di questo progetto a livello transnazionale e trans-settoriale consente di: Aumentare la consapevolezza in riferimento ai punti di forza ed alle carenze della didattica BES. Facilitare il progressivo cambiamento delle metodologie di insegnamento, passando da un approccio statico, in cui le difficolt\u00e0 di uno studente con BES sono semplicemente accertate, ad un approccio attivo in cui \u00e8 davvero possibile rispondere alle esigenze degli studenti con BES. Creare modelli di condivisione e scambio di buone pratiche e di esperienze.\", \"Italian Female\");\n                }\n            };\n        <\/script>\n    <\/p>\n<p>[\/vc_column_text][\/vc_column][\/vc_row][vc_row][vc_column][vc_column_text]<\/p>\n<h2 style=\"text-align: center;\" data-fontsize=\"34\" data-lineheight=\"50\"><strong>Risultati attesi<\/strong><\/h2>\n<p><img decoding=\"async\" class=\"wp-image-3525 size-full alignleft\" src=\"https:\/\/online.magicsens.eu\/wp-content\/uploads\/2020\/05\/girl-teacher-5.png\" alt=\"\" width=\"300\" height=\"300\" srcset=\"https:\/\/online.magicsens.eu\/wp-content\/uploads\/2020\/05\/girl-teacher-5.png 300w, https:\/\/online.magicsens.eu\/wp-content\/uploads\/2020\/05\/girl-teacher-5-150x150.png 150w\" sizes=\"(max-width: 300px) 100vw, 300px\" \/><\/p>\n<p>Con l&#8217;obiettivo di contribuire alla razionalizzazione ed al potenziamento\u00a0 delle metodologie educative per gli studenti con BES, il progetto prevede diverse azioni volte a definire strategie e strumenti operativi per gli insegnanti. Inoltre, l&#8217;ampliamento della logica dell&#8217;approccio graduale, con riferimento a contesti diversificati, pu\u00f2 portare alla costruzione di un\u2019offerta formativa pi\u00f9 mirata e inclusiva per i soggetti con BES, migliorando cos\u00ec le capacit\u00e0 e le competenze di tutti i soggetti della catena educativa.<\/p>\n<p>I partner sono fermamente convinti del fatto che, lavorando direttamente con i professionisti della catena educativa, sia possibile garantire una migliore qualit\u00e0 dei servizi ed una didattica pi\u00f9 inclusiva, incoraggiare il coordinamento e la cooperazione tra vari attori (sia nazionali che internazionali) e, infine, aumentare la diffusione di conoscenze e strumenti specifici riguardanti i BES .<\/p>\n<p>Il progetto prevede la realizzazione di 3 prodotti, che saranno tradotti in Italiano, Greco e Rumeno:<\/p>\n<ul>\n<li><strong>Toolkit per gli insegnanti<\/strong><\/li>\n<li><strong>Piattaforma Online<\/strong><\/li>\n<li><strong>Formazione per gli insegnanti.<\/strong><\/li>\n<\/ul>\n<p>&nbsp;<\/p>\n<ol>\n<li>4 focus group a livello transnazionale.<\/li>\n<li>4 seminari di divulgazione tenuti nei Paesi partner per informare almeno 250 persone sulle attivit\u00e0 e sui risultati del progetto.<\/li>\n<\/ol>\n<p>&nbsp;<\/p>\n<p style=\"text-align: center;\"><button id=\"bb3\" type=\"button\" value=\"Play\" class=\"responsivevoice-button\" title=\"ResponsiveVoice Tap to Start\/Stop Speech\"><span>&#128266; Ascolta<\/span><\/button>\n        <script>\n            bb3.onclick = function(){\n                if(responsiveVoice.isPlaying()){\n                    responsiveVoice.cancel();\n                }else{\n                    responsiveVoice.speak(\"Risultati attesi Con l\\'obiettivo di contribuire alla razionalizzazione ed al potenziamento\u00a0 delle metodologie educative per gli studenti con BES, il progetto prevede diverse azioni volte a definire strategie e strumenti operativi per gli insegnanti. Inoltre, l\\'ampliamento della logica dell\\'approccio graduale, con riferimento a contesti diversificati, pu\u00f2 portare alla costruzione di un\u2019offerta formativa pi\u00f9 mirata e inclusiva per i soggetti con BES, migliorando cos\u00ec le capacit\u00e0 e le competenze di tutti i soggetti della catena educativa. I partner sono fermamente convinti del fatto che, lavorando direttamente con i professionisti della catena educativa, sia possibile garantire una migliore qualit\u00e0 dei servizi ed una didattica pi\u00f9 inclusiva, incoraggiare il coordinamento e la cooperazione tra vari attori (sia nazionali che internazionali) e, infine, aumentare la diffusione di conoscenze e strumenti specifici riguardanti i BES . Il progetto prevede la realizzazione di 3 prodotti, che saranno tradotti in Italiano, Greco e Rumeno: Toolkit per gli insegnanti Piattaforma Online Formazione per gli insegnanti. 4 focus group a livello transnazionale. 4 seminari di divulgazione tenuti nei Paesi partner per informare almeno 250 persone sulle attivit\u00e0 e sui risultati del progetto.\", \"Italian Female\");\n                }\n            };\n        <\/script>\n    <\/p>\n<p>[\/vc_column_text][\/vc_column][\/vc_row][vc_row][vc_column][vc_column_text]<\/p>\n<h2 style=\"text-align: center;\"><strong>Target Group<\/strong><\/h2>\n<h2 style=\"text-align: center;\"><strong><img decoding=\"async\" class=\"aligncenter wp-image-3030\" src=\"https:\/\/online.magicsens.eu\/wp-content\/uploads\/2020\/02\/theproject-banner-1-300x184.png\" alt=\"\" width=\"488\" height=\"300\" srcset=\"https:\/\/online.magicsens.eu\/wp-content\/uploads\/2020\/02\/theproject-banner-1-300x184.png 300w, https:\/\/online.magicsens.eu\/wp-content\/uploads\/2020\/02\/theproject-banner-1-768x472.png 768w, https:\/\/online.magicsens.eu\/wp-content\/uploads\/2020\/02\/theproject-banner-1.png 976w\" sizes=\"(max-width: 488px) 100vw, 488px\" \/><\/strong><\/h2>\n<p>Le azioni del progetto sono rivolte principalmente a professionisti dell&#8217;istruzione e della formazione che lavorano con studenti tra 10 e 18 anni con Bisogni Educativi Speciali.<\/p>\n<p>L\u2019insegnante deve infatti garantire interventi efficaci per l\u2019apprendimento di ogni studente, e svolge un ruolo chiave nell&#8217;assicurare che le esigenze specifiche degli studenti con disabilit\u00e0 e altri bisogni educativi speciali vengano soddisfatte:<\/p>\n<ul>\n<li style=\"list-style-type: none;\">\n<ul>\n<li>identificando e rispondendo ai bisogni formativi individuali degli studenti;<\/li>\n<\/ul>\n<\/li>\n<li>facilitando e coordinando un approccio didattico con l\u2019obiettivo di migliorare i risultati di apprendimento di ogni studente;<\/li>\n<li>coordinando i processi di pianificazione e le risorse didattiche per gli studenti con BES e, eventualmente, far fronte ad ulteriori bisogni di supporto;<\/li>\n<li>pianificare le misure necessarie affinch\u00e9 tutti gli studenti possano accedere ad un\u2019istruzione di qualit\u00e0;<\/li>\n<li>sviluppare la collaborazione con altri insegnanti\/formatori, genitori e insegnanti di sostegno, professionisti e con l\u2019intera comunit\u00e0 scolastica.<\/li>\n<\/ul>\n<p>Spesso insegnanti e formatori non hanno competenze o strumenti adeguati per rispondere a tutti queste sfide. Per questo motivo, saranno coinvolti in un\u2019indagine preliminare dei loro fabbisogni formativi attraverso:<\/p>\n<ul>\n<li>la partecipazione a focus groups, durante i quali la comune discussione permetter\u00e0 di identificare e analizzare le loro competenze realtivamente alla didattica BES;<\/li>\n<li>la definizione di metodologie e strumenti utili per migliorare le loro competenze didattiche;<\/li>\n<li>la definizione e produzione del Toolkit, che rappresenter\u00e0 una linea guida per insegnare agli studenti con BES;<\/li>\n<li>la partecipazione al processo di definizione dei contenuti e delle modalit\u00e0 formative a loro destinati.<\/li>\n<\/ul>\n<p>Il progetto mira quindi ad intraprendere una collaborazione attiva, intesa come comunit\u00e0 di pratica, e caratterizzata da un continuo processo di confronto, una riflessione sull\u2019educazione inclusiva, un continuo aggiornamento delle competenze di insegnanti\/formatori in vista di un miglioramento dei modelli operativi e delle strategie didattiche. Tutto ci\u00f2 contribuir\u00e0 alla definizione di uno standard minimo di competenze per il supporto degli studenti con BES a livello trans-settoriale e transnazionale.<\/p>\n<p>Grazie alle attivit\u00e0 di promozione e diffusione previste dal progetto, i partner coinvolgeranno nelle azioni del progetto anche i seguenti target group:<\/p>\n<ul>\n<li>gli studenti con BES, le loro famiglie;<\/li>\n<li>gli uffici scolastici regionali ed i centri per l\u2019impiego;<\/li>\n<li>i Dirigenti e lo staff delle scuole primarie e secondarie.<\/li>\n<li>le organizzazioni nazionali che si occupano di sostegno alle persone con Bisogni Educativi Speciali.<\/li>\n<li>i Professionisti lavorano con bambini e giovani.<\/li>\n<li>\u00a0 le imprese e le altre organizzazioni che operano nel mercato del lavoro: per questi soggetti, infatti, il rafforzamento dell\u2019educazione per gli studenti con BES, il cambiamento di mentalit\u00e0 ed il diverso approccio culturale degli stakeholder volto all\u2019inclusione, rappresenteranno un valore aggiunto<\/li>\n<\/ul>\n<p style=\"text-align: center;\"><button id=\"bb4\" type=\"button\" value=\"Play\" class=\"responsivevoice-button\" title=\"ResponsiveVoice Tap to Start\/Stop Speech\"><span>&#128266; Ascolta<\/span><\/button>\n        <script>\n            bb4.onclick = function(){\n                if(responsiveVoice.isPlaying()){\n                    responsiveVoice.cancel();\n                }else{\n                    responsiveVoice.speak(\"Target Group Le azioni del progetto sono rivolte principalmente a professionisti dell\\'istruzione e della formazione che lavorano con studenti tra 10 e 18 anni con Bisogni Educativi Speciali. L\u2019insegnante deve infatti garantire interventi efficaci per l\u2019apprendimento di ogni studente, e svolge un ruolo chiave nell\\'assicurare che le esigenze specifiche degli studenti con disabilit\u00e0 e altri bisogni educativi speciali vengano soddisfatte: identificando e rispondendo ai bisogni formativi individuali degli studenti; facilitando e coordinando un approccio didattico con l\u2019obiettivo di migliorare i risultati di apprendimento di ogni studente; coordinando i processi di pianificazione e le risorse didattiche per gli studenti con BES e, eventualmente, far fronte ad ulteriori bisogni di supporto; pianificare le misure necessarie affinch\u00e9 tutti gli studenti possano accedere ad un\u2019istruzione di qualit\u00e0; sviluppare la collaborazione con altri insegnanti\/formatori, genitori e insegnanti di sostegno, professionisti e con l\u2019intera comunit\u00e0 scolastica. Spesso insegnanti e formatori non hanno competenze o strumenti adeguati per rispondere a tutti queste sfide. Per questo motivo, saranno coinvolti in un\u2019indagine preliminare dei loro fabbisogni formativi attraverso: la partecipazione a focus groups, durante i quali la comune discussione permetter\u00e0 di identificare e analizzare le loro competenze realtivamente alla didattica BES; la definizione di metodologie e strumenti utili per migliorare le loro competenze didattiche; la definizione e produzione del Toolkit, che rappresenter\u00e0 una linea guida per insegnare agli studenti con BES; la partecipazione al processo di definizione dei contenuti e delle modalit\u00e0 formative a loro destinati. Il progetto mira quindi ad intraprendere una collaborazione attiva, intesa come comunit\u00e0 di pratica, e caratterizzata da un continuo processo di confronto, una riflessione sull\u2019educazione inclusiva, un continuo aggiornamento delle competenze di insegnanti\/formatori in vista di un miglioramento dei modelli operativi e delle strategie didattiche. Tutto ci\u00f2 contribuir\u00e0 alla definizione di uno standard minimo di competenze per il supporto degli studenti con BES a livello trans-settoriale e transnazionale. Grazie alle attivit\u00e0 di promozione e diffusione previste dal progetto, i partner coinvolgeranno nelle azioni del progetto anche i seguenti target group: gli studenti con BES, le loro famiglie; gli uffici scolastici regionali ed i centri per l\u2019impiego; i Dirigenti e lo staff delle scuole primarie e secondarie. le organizzazioni nazionali che si occupano di sostegno alle persone con Bisogni Educativi Speciali. i Professionisti lavorano con bambini e giovani. \u00a0 le imprese e le altre organizzazioni che operano nel mercato del lavoro: per questi soggetti, infatti, il rafforzamento dell\u2019educazione per gli studenti con BES, il cambiamento di mentalit\u00e0 ed il diverso approccio culturale degli stakeholder volto all\u2019inclusione, rappresenteranno un valore aggiunto\", \"Italian Female\");\n                }\n            };\n        <\/script>\n    <\/p>\n<p>[\/vc_column_text][\/vc_column][\/vc_row]<\/p>\n","protected":false},"excerpt":{"rendered":"<p>[vc_row][vc_column][vc_empty_space height=&#8221;50px&#8221;][vc_column_text] [\/vc_column_text][\/vc_column][\/vc_row][vc_row][vc_column][vc_column_text] [\/vc_column_text][\/vc_column][\/vc_row][vc_row][vc_column][vc_column_text] [\/vc_column_text][\/vc_column][\/vc_row][vc_row][vc_column][vc_column_text] [\/vc_column_text][\/vc_column][\/vc_row]<\/p>\n","protected":false},"author":1,"featured_media":3037,"parent":0,"menu_order":0,"comment_status":"closed","ping_status":"closed","template":"","meta":{"footnotes":""},"class_list":["post-4587","page","type-page","status-publish","has-post-thumbnail","hentry"],"_links":{"self":[{"href":"https:\/\/online.magicsens.eu\/it\/wp-json\/wp\/v2\/pages\/4587"}],"collection":[{"href":"https:\/\/online.magicsens.eu\/it\/wp-json\/wp\/v2\/pages"}],"about":[{"href":"https:\/\/online.magicsens.eu\/it\/wp-json\/wp\/v2\/types\/page"}],"author":[{"embeddable":true,"href":"https:\/\/online.magicsens.eu\/it\/wp-json\/wp\/v2\/users\/1"}],"replies":[{"embeddable":true,"href":"https:\/\/online.magicsens.eu\/it\/wp-json\/wp\/v2\/comments?post=4587"}],"version-history":[{"count":0,"href":"https:\/\/online.magicsens.eu\/it\/wp-json\/wp\/v2\/pages\/4587\/revisions"}],"wp:featuredmedia":[{"embeddable":true,"href":"https:\/\/online.magicsens.eu\/it\/wp-json\/wp\/v2\/media\/3037"}],"wp:attachment":[{"href":"https:\/\/online.magicsens.eu\/it\/wp-json\/wp\/v2\/media?parent=4587"}],"curies":[{"name":"wp","href":"https:\/\/api.w.org\/{rel}","templated":true}]}}