{"id":4594,"date":"2020-06-01T19:34:57","date_gmt":"2020-06-01T16:34:57","guid":{"rendered":"https:\/\/online.magicsens.eu\/i-formatori\/"},"modified":"2020-06-05T15:12:12","modified_gmt":"2020-06-05T12:12:12","slug":"i-formatori","status":"publish","type":"page","link":"https:\/\/online.magicsens.eu\/it\/i-formatori\/","title":{"rendered":"i Formatori"},"content":{"rendered":"<p>[vc_row][vc_column][vc_column_text]<\/p>\n<h2 style=\"text-align: center;\">Conosci i nostri formatori<\/h2>\n<p>[\/vc_column_text][vc_empty_space height=&#8221;50px&#8221;][\/vc_column][\/vc_row][vc_row][vc_column][vc_tta_tabs alignment=&#8221;center&#8221; active_section=&#8221;1&#8243;][vc_tta_section title=&#8221;Dalla Romania&#8221; tab_id=&#8221;1590665451817-79fea8f9-abb8&#8243;][vc_empty_space height=&#8221;50px&#8221;][vc_row_inner content_placement=&#8221;middle&#8221;][vc_column_inner width=&#8221;1\/4&#8243;][vc_single_image image=&#8221;3935&#8243; img_size=&#8221;200X200&#8243; alignment=&#8221;center&#8221; style=&#8221;vc_box_rounded&#8221;][\/vc_column_inner][vc_column_inner width=&#8221;3\/4&#8243;][vc_column_text]<\/p>\n<h3 style=\"text-align: center;\">ALEXANDRA CORNEA<\/h3>\n<blockquote><p>Mi chiamo Alexandra e sono esperta in comunicazione e relazioni internazionali. Ho una vasta esperienza nella gestione di progetti, nella formazione di adulti, nella gestione delle istituzioni scolstiche e nel dialogo sociale<\/p><\/blockquote>\n<p>[\/vc_column_text][\/vc_column_inner][\/vc_row_inner][vc_separator color=&#8221;blue&#8221; el_width=&#8221;50&#8243;][vc_row_inner content_placement=&#8221;middle&#8221;][vc_column_inner width=&#8221;1\/4&#8243;][vc_single_image image=&#8221;3941&#8243; img_size=&#8221;200X200&#8243; alignment=&#8221;center&#8221; style=&#8221;vc_box_rounded&#8221;][\/vc_column_inner][vc_column_inner width=&#8221;3\/4&#8243;][vc_column_text]<\/p>\n<h3 style=\"text-align: center;\">CORNELIA POPA STAVRI<\/h3>\n<blockquote><p>Sono Cornelia e sono molto lieta di essere uno dei formatori di questo corso online. Ho una lunga esperienza in diversi settori: pedagogia, delle istituzioni educative, comunicazione istituzionale, psicologia dell&#8217;educazione e psicologia dell&#8217;et\u00e0 evolutiva, teorie e metodologie della formazione, teorie e metodologie della valutazione, e negli ultimi anni mi sono specializzata in tecniche di insegnamento adattate ai bambini con BES.<\/p><\/blockquote>\n<p>[\/vc_column_text][\/vc_column_inner][\/vc_row_inner][vc_separator color=&#8221;blue&#8221; el_width=&#8221;50&#8243;][vc_row_inner content_placement=&#8221;middle&#8221;][vc_column_inner width=&#8221;1\/4&#8243;][vc_single_image image=&#8221;3950&#8243; img_size=&#8221;200X200&#8243; alignment=&#8221;center&#8221; style=&#8221;vc_box_rounded&#8221;][\/vc_column_inner][vc_column_inner width=&#8221;3\/4&#8243;][vc_column_text]<\/p>\n<h3 style=\"text-align: center;\">RAMONA ROSU<\/h3>\n<blockquote><p>Ciao a tutti! Mi chiamo Ramona, sono insegnante e formatrice e sono felice di essere il vostro tutor durante questo corso. Sono convinta che la mia esperienza in pedagogia e psicologia, nonch\u00e9 quella maturata in molti anni di pratica nell&#8217;educazione dei bambini e bambine con BES ma anche nella gestione della classe, saranno utili per tutti coloro che seguono i moduli di questo corso.<\/p><\/blockquote>\n<p>[\/vc_column_text][\/vc_column_inner][\/vc_row_inner][vc_separator color=&#8221;blue&#8221; el_width=&#8221;50&#8243;][vc_row_inner content_placement=&#8221;middle&#8221;][vc_column_inner width=&#8221;1\/4&#8243;][vc_single_image image=&#8221;3956&#8243; img_size=&#8221;200X200&#8243; alignment=&#8221;center&#8221; style=&#8221;vc_box_rounded&#8221;][\/vc_column_inner][vc_column_inner width=&#8221;3\/4&#8243;][vc_column_text]<\/p>\n<h3 style=\"text-align: center;\">LUCIA IONESCU<\/h3>\n<blockquote><p>Cari partecipanti, mi chiamo Lucia Ionescu. Sono una insegnante e una formatrice, specializzata nella gestione delle istituzioni educative, in pedagogia e nella valutazione della qualit\u00e0 dell\u2019istruzione scolastica, ma anche nelle tecniche di insegnamento per studenti e studentesse con BES. Sono convinto che questo corso vi aiuter\u00e0 a sviluppare le abilit\u00e0 in questo campo ad a sostenere gli sforzi di coloro che vogliono implementare il concetto di scuola inclusiva<\/p><\/blockquote>\n<p>[\/vc_column_text][\/vc_column_inner][\/vc_row_inner][vc_separator color=&#8221;blue&#8221; el_width=&#8221;50&#8243;][vc_row_inner content_placement=&#8221;middle&#8221;][vc_column_inner width=&#8221;1\/4&#8243;][vc_single_image image=&#8221;3960&#8243; img_size=&#8221;200X200&#8243; alignment=&#8221;center&#8221; style=&#8221;vc_box_rounded&#8221;][\/vc_column_inner][vc_column_inner width=&#8221;3\/4&#8243;][vc_column_text]<\/p>\n<h3 style=\"text-align: center;\">ANGELA IOAN<\/h3>\n<blockquote><p>Cari studenti, insegnanti e genitori, mi chiamo Angela Ioan e sono il presidente dell&#8217;Associazione per bambini dislessici di Bucarest. Sono un genitore che ha affrontato il complesso problema della dislessia e dell&#8217;integrazione degli studenti e delle studentesse con BES nel sistema educativo. Per questo corso, metto a disposizione la mia esperienza e conoscenza, acquisite in molti anni di pratica nel campo di specifici disturbi dell&#8217;apprendimento e nella gestione della comunicazione tra insegnanti, genitori e studenti . Vogliamo facilitare l&#8217;integrazione dei bambini e delle bambine con BES e supportare gli insegnanti nel loro lavoro in classe.<\/p><\/blockquote>\n<p>[\/vc_column_text][\/vc_column_inner][\/vc_row_inner][vc_separator color=&#8221;blue&#8221; el_width=&#8221;50&#8243;][vc_row_inner content_placement=&#8221;middle&#8221;][vc_column_inner width=&#8221;1\/4&#8243;][vc_single_image image=&#8221;4204&#8243; img_size=&#8221;200X200&#8243; alignment=&#8221;center&#8221; style=&#8221;vc_box_rounded&#8221;][\/vc_column_inner][vc_column_inner width=&#8221;3\/4&#8243;][vc_column_text]<\/p>\n<h3 style=\"text-align: center;\">CARMEN DRAGOMIR<\/h3>\n<blockquote>\n<p style=\"text-align: justify;\">Sono Carmen Dragomir e sono cos\u00ec felice che le mappe mentali ci abbiano uniti. Sono stata una formatrice, tutor della Open University Business School e facilitatrice per pi\u00f9 di 20 anni. Dal 2015 sono formatrice di Mind Mapping, certificata come TBLI (Tony Buzan Licensed Instructor) da Tony Buzan, l&#8217;inventore di Mind Maps. \u00c8 molto divertente insegnare e allenarsi con Mind Maps, ed \u00e8 molto pi\u00f9 facile per gli studenti imparare attraverso questi strumenti..<\/p>\n<p style=\"text-align: left;\">Bio Carmen: <a href=\"https:\/\/www.linkedin.com\/in\/dragomircarmen\/\">https:\/\/www.linkedin.com\/in\/dragomircarmen\/<\/a><\/p>\n<\/blockquote>\n<p>[\/vc_column_text][\/vc_column_inner][\/vc_row_inner][vc_separator color=&#8221;blue&#8221; el_width=&#8221;50&#8243;][vc_row_inner content_placement=&#8221;middle&#8221;][vc_column_inner width=&#8221;1\/4&#8243;][vc_single_image image=&#8221;4200&#8243; img_size=&#8221;200X200&#8243; alignment=&#8221;center&#8221; style=&#8221;vc_box_rounded&#8221;][\/vc_column_inner][vc_column_inner width=&#8221;3\/4&#8243;][vc_column_text]<\/p>\n<h3 style=\"text-align: center;\">EVA BARTOK<\/h3>\n<blockquote>\n<p style=\"text-align: justify;\">La mia formazione riguarda le seguenti aree: supervisione, coaching, disturbi specifici dell&#8217;apprendimento (metodo Meixner, metodo Sindelar), disfasia dello sviluppo, disturbi dell&#8217;udito, autismo, psicodramma infantile, terapia artistica, terapia del movimento, terapia del gioco, psicoterapia positiva, comunicazione emotiva con bambini e bambine vittime di abusi, video interaction training (VIT), rilassamento &#8211; training autogeno, ipnosi, Snoezelen.<br \/>\nHo lavorato in varie istituzioni educative e ONG, e ho maturato 25 anni di esperienza nel supporto a bambini con BES (disturbi specifici dell&#8217;apprendimento, balbuzie, disturbi dell&#8217;udito, disturbi mentali, autismo, disturbi comportamentali, bambini a rischio di esclusione sociale), genitori e insegnanti.<br \/>\nSar\u00f2 felice di condividere le mie conoscenze con voi!<\/p>\n<\/blockquote>\n<p>[\/vc_column_text][\/vc_column_inner][\/vc_row_inner][\/vc_tta_section][vc_tta_section title=&#8221;Dalla Grecia&#8221; tab_id=&#8221;1590665451839-c0436554-c04a&#8221;][vc_empty_space height=&#8221;50px&#8221;][vc_row_inner content_placement=&#8221;middle&#8221;][vc_column_inner width=&#8221;1\/3&#8243;][vc_single_image image=&#8221;4011&#8243; img_size=&#8221;200X200&#8243; alignment=&#8221;center&#8221; style=&#8221;vc_box_rounded&#8221;][\/vc_column_inner][vc_column_inner width=&#8221;2\/3&#8243;][vc_column_text]<\/p>\n<h3 style=\"text-align: center;\">KONSTANTINA TERZI<\/h3>\n<blockquote><p>Nata a Patrasso nel 1970. Ha studiato filologia classica all&#8217;Universit\u00e0 Aristotele di Salonicco (AUT), e \u00e8 specializzata in linguistica. Ha conseguito un Master (M.Sc.) in Scienze del linguaggio e dell&#8217;udito presso l&#8217;University College di Londra, Universit\u00e0 di Londra.<br \/>\nHa lavorato per 22 anni nel settore dei Bisogni Educativi Speciali, in centri di valutazione e supporto, scuole speciali e dipartimenti per l\u2019integrazione nell&#8217;istruzione secondaria.<\/p><\/blockquote>\n<p>[\/vc_column_text][\/vc_column_inner][\/vc_row_inner][\/vc_tta_section][vc_tta_section title=&#8221;Dall\u2019Italia&#8221; tab_id=&#8221;1590665486846-d7f6f695-0649&#8243;][vc_empty_space height=&#8221;50px&#8221;][vc_row_inner content_placement=&#8221;middle&#8221;][vc_column_inner width=&#8221;1\/4&#8243;][vc_single_image image=&#8221;4835&#8243; img_size=&#8221;200X200&#8243; alignment=&#8221;center&#8221; style=&#8221;vc_box_rounded&#8221;][\/vc_column_inner][vc_column_inner width=&#8221;3\/4&#8243;][vc_column_text]<\/p>\n<h3 style=\"text-align: center;\">MARINA ENZA LOCATELLI<\/h3>\n<blockquote><p>Fondatore e direttore del Centro F.A.R.E. &#8211; Centro di neuropsicologia dello sviluppo, accreditato con il SSN- Centro specialistico per la Dislessia e le difficolt\u00e0 di apprendimento e di linguaggio &#8211; Bisogni Educativi Speciali. Membro del Direttivo Nazionale Associazione Italiana Dislessia 2005 \u2013 2009, segreteria Consensus Conference 2007. Collabora con l\u2019Ufficio Scolastico Regionale dell\u2019Umbria, gli istituti scolastici, la Regione dell\u2019Umbria e Universit\u00e0 degli Studi di Perugia per la formazione di docenti, clinici e famiglie, interessandosi di rapporti scuola &#8211; famiglia, normativa, gestione della classe con studenti DSA e BES. Ha partecipato alla \u201cThird International Conference on Concept Mapping\u201d a Tallin \u2013 Estonia. Co-autore della pubblicazione \u201cAsino chi non legge? Riconoscere e gestire i Disturbi Specifici di Apprendimento\u201d &#8211; Ed. Pearson.<\/p><\/blockquote>\n<p>[\/vc_column_text][\/vc_column_inner][\/vc_row_inner][vc_separator color=&#8221;blue&#8221; el_width=&#8221;50&#8243;][vc_row_inner content_placement=&#8221;middle&#8221;][vc_column_inner width=&#8221;1\/4&#8243;][vc_single_image image=&#8221;5136&#8243; img_size=&#8221;200X200&#8243; alignment=&#8221;center&#8221; style=&#8221;vc_box_rounded&#8221;][\/vc_column_inner][vc_column_inner width=&#8221;3\/4&#8243;][vc_column_text]<\/p>\n<h3 style=\"text-align: center;\">GIOVANNA LAMI<\/h3>\n<blockquote><p>Maturit\u00e0 classica, laurea in Medicina e Chirurgia, specialista in Pediatria ed in Igiene e Medicina Preventiva ad orientamento scolastico, gi\u00e0 Professore Associato presso UniMORE. Dal 2011 ad oggi docente e coordinatore dei tutor presso l\u2019Ufficio Disabili e Dislessici UniMORE e membro del comitato scientifico del convegno annuale sui DSA UniMORE . Ha fatto parte della commissione AID a sostegno dell\u2019emanazione della legge 170\/10 sui DSA e del Panel di aggiornamento e revisione della Consensus Conference sui DSA \u2013 PARCC 2011 . Vice-Presidente nazionale AID dal 2005 al 2009. Dal 2004 si interessa di mappe concettuali e mentali per l\u2019apprendimento. E\u2019 stata relatore in diversi convegni in tema di DSA, svolge attivit\u00e0 formativa su DSA e Mapping in collaborazione con istituzioni scolastiche e EE.LL<\/p><\/blockquote>\n<p>[\/vc_column_text][\/vc_column_inner][\/vc_row_inner][vc_separator color=&#8221;blue&#8221; el_width=&#8221;50&#8243;][vc_row_inner content_placement=&#8221;middle&#8221;][vc_column_inner width=&#8221;1\/4&#8243;][vc_single_image image=&#8221;4839&#8243; img_size=&#8221;200X200&#8243; alignment=&#8221;center&#8221; style=&#8221;vc_box_rounded&#8221;][\/vc_column_inner][vc_column_inner width=&#8221;3\/4&#8243;][vc_column_text]<\/p>\n<h3 style=\"text-align: center;\">CHIARA MARCHETTA<\/h3>\n<blockquote><p>Laureata in Scienze della comunicazione, con competenze specifiche in Scienze cognitive e Marketing Sociale, e qualificata come Auditor dei Sistemi di gestione della Qualit\u00e0 dal 2007. Da circa 15 anni lavora nella progettazione e gestione di iniziative a livello regionale, nazionale ed europeo finanziate attraverso fondi comunitari, nei settori dell&#8217;inclusione sociale, della formazione professionale, dell&#8217;apprendimento degli adulti, delle politiche giovanili e sociali, dello sviluppo locale. Attualmente lavora nel team di FORMA.Azione srl come progettista e project manager, con particolare riferimento ai seguenti temi: l\u2019integrazione dei migranti e dei giovani \/ adulti a rischio di esclusione sociale, la didattica inclusiva, le politiche di genere e la definizione di nuovi profili professionali.<\/p><\/blockquote>\n<p>[\/vc_column_text][\/vc_column_inner][\/vc_row_inner][\/vc_tta_section][vc_tta_section title=&#8221;Dall\u2019Irlanda&#8221; tab_id=&#8221;1590665487990-c17a55fb-8285&#8243;][vc_empty_space height=&#8221;50px&#8221;][vc_row_inner content_placement=&#8221;middle&#8221;][vc_column_inner width=&#8221;1\/4&#8243;][vc_single_image image=&#8221;5063&#8243; img_size=&#8221;200&#215;200&#8243;][\/vc_column_inner][vc_column_inner width=&#8221;3\/4&#8243;][vc_column_text]<\/p>\n<h3 style=\"text-align: center;\">MARY SHALLEY<\/h3>\n<blockquote>\n<p style=\"text-align: justify;\">Ho oltre 30 anni di esperienza nell&#8217;istruzione. Sono un insegnante qualificato che lavora sia nelle scuole tradizionali che in quelle speciali. Ho una vasta esperienza di formazione degli insegnanti sia nella Repubblica che nel nord dell&#8217;Irlanda. Ho gestito una serie di servizi di sostegno all&#8217;istruzione speciale fornendo sostegno diretto ai bambini. Sono stato coinvolto nella formulazione di politiche per SEN con l&#8217;autorit\u00e0 educativa nell&#8217;Irlanda del Nord. Attualmente sono responsabile dell&#8217;Istruzione, della formazione e delle politiche per la Dislessia Association of Ireland.<\/p>\n<\/blockquote>\n<p>[\/vc_column_text][\/vc_column_inner][\/vc_row_inner][\/vc_tta_section][\/vc_tta_tabs][\/vc_column][\/vc_row]<\/p>\n","protected":false},"excerpt":{"rendered":"<p>[vc_row][vc_column][vc_column_text] Conosci i nostri formatori [\/vc_column_text][vc_empty_space height=&#8221;50px&#8221;][\/vc_column][\/vc_row][vc_row][vc_column][vc_tta_tabs alignment=&#8221;center&#8221; active_section=&#8221;1&#8243;][vc_tta_section title=&#8221;Dalla Romania&#8221; tab_id=&#8221;1590665451817-79fea8f9-abb8&#8243;][vc_empty_space height=&#8221;50px&#8221;][vc_row_inner content_placement=&#8221;middle&#8221;][vc_column_inner width=&#8221;1\/4&#8243;][vc_single_image image=&#8221;3935&#8243; img_size=&#8221;200X200&#8243; alignment=&#8221;center&#8221; style=&#8221;vc_box_rounded&#8221;][\/vc_column_inner][vc_column_inner width=&#8221;3\/4&#8243;][vc_column_text] ALEXANDRA CORNEA Mi chiamo Alexandra&hellip;<\/p>\n","protected":false},"author":1,"featured_media":0,"parent":0,"menu_order":0,"comment_status":"closed","ping_status":"closed","template":"","meta":{"footnotes":""},"class_list":["post-4594","page","type-page","status-publish","hentry"],"_links":{"self":[{"href":"https:\/\/online.magicsens.eu\/it\/wp-json\/wp\/v2\/pages\/4594"}],"collection":[{"href":"https:\/\/online.magicsens.eu\/it\/wp-json\/wp\/v2\/pages"}],"about":[{"href":"https:\/\/online.magicsens.eu\/it\/wp-json\/wp\/v2\/types\/page"}],"author":[{"embeddable":true,"href":"https:\/\/online.magicsens.eu\/it\/wp-json\/wp\/v2\/users\/1"}],"replies":[{"embeddable":true,"href":"https:\/\/online.magicsens.eu\/it\/wp-json\/wp\/v2\/comments?post=4594"}],"version-history":[{"count":0,"href":"https:\/\/online.magicsens.eu\/it\/wp-json\/wp\/v2\/pages\/4594\/revisions"}],"wp:attachment":[{"href":"https:\/\/online.magicsens.eu\/it\/wp-json\/wp\/v2\/media?parent=4594"}],"curies":[{"name":"wp","href":"https:\/\/api.w.org\/{rel}","templated":true}]}}