{"id":4865,"date":"2020-06-02T13:37:51","date_gmt":"2020-06-02T10:37:51","guid":{"rendered":"https:\/\/online.magicsens.eu\/acasa\/"},"modified":"2020-09-18T15:04:06","modified_gmt":"2020-09-18T12:04:06","slug":"acasa","status":"publish","type":"page","link":"https:\/\/online.magicsens.eu\/ro\/","title":{"rendered":"Acas\u0103"},"content":{"rendered":"<p>[vc_row equal_height=&#8221;yes&#8221; content_placement=&#8221;middle&#8221; force_equal_height_columns=&#8221;main_row&#8221;][vc_column][vc_column_text]<\/p>\n<h1 style=\"text-align: center;\"><span style=\"color: #01339b;\">Bine a\u0163i venit \u00een comunitatea online MAGIC SENS<\/span><\/h1>\n<p><img decoding=\"async\" class=\"aligncenter wp-image-3645 size-full\" src=\"https:\/\/online.magicsens.eu\/wp-content\/uploads\/2020\/05\/course-1920x270px-final-2.png\" alt=\"\" width=\"1543\" height=\"267\" srcset=\"https:\/\/online.magicsens.eu\/wp-content\/uploads\/2020\/05\/course-1920x270px-final-2.png 1543w, https:\/\/online.magicsens.eu\/wp-content\/uploads\/2020\/05\/course-1920x270px-final-2-300x52.png 300w, https:\/\/online.magicsens.eu\/wp-content\/uploads\/2020\/05\/course-1920x270px-final-2-1024x177.png 1024w, https:\/\/online.magicsens.eu\/wp-content\/uploads\/2020\/05\/course-1920x270px-final-2-768x133.png 768w, https:\/\/online.magicsens.eu\/wp-content\/uploads\/2020\/05\/course-1920x270px-final-2-1536x266.png 1536w, https:\/\/online.magicsens.eu\/wp-content\/uploads\/2020\/05\/course-1920x270px-final-2-400x69.png 400w, https:\/\/online.magicsens.eu\/wp-content\/uploads\/2020\/05\/course-1920x270px-final-2-624x108.png 624w\" sizes=\"(max-width: 1543px) 100vw, 1543px\" \/>[\/vc_column_text][vc_column_text]<\/p>\n<h4 style=\"text-align: center;\"><br \/>\n<strong><em>MAnagementul unei abord\u0103ri Graduale \u0219i Includerea unui Curriculum echilibrat \u00een procesul de educa\u0163ie pentru Elevii cu Cerin\u0163e Educa\u021bionale Speciale<\/em><\/strong><br \/>\n<button id=\"bb1\" type=\"button\" value=\"Play\" class=\"responsivevoice-button\" title=\"ResponsiveVoice Tap to Start\/Stop Speech\"><span>&#128266; Ascult\u0103 aici<\/span><\/button>\n        <script>\n            bb1.onclick = function(){\n                if(responsiveVoice.isPlaying()){\n                    responsiveVoice.cancel();\n                }else{\n                    responsiveVoice.speak(\"MAnagementul unei abord\u0103ri Graduale \u0219i Includerea unui Curriculum echilibrat \u00een procesul de educa\u0163ie pentru Elevii cu Cerin\u0163e Educa\u021bionale Speciale\", \"Romanian Female\");\n                }\n            };\n        <\/script>\n    <\/h4>\n<p>[\/vc_column_text][vc_empty_space height=&#8221;50px&#8221;][\/vc_column][\/vc_row][vc_row][vc_column width=&#8221;1\/2&#8243;][vc_empty_space height=&#8221;50px&#8221;][vc_custom_heading text=&#8221;Setul de instrumente MAGICSENS&#8221; font_container=&#8221;tag:h2|text_align:center&#8221; use_theme_fonts=&#8221;yes&#8221;][vc_single_image image=&#8221;3766&#8243; img_size=&#8221;full&#8221; alignment=&#8221;center&#8221; style=&#8221;vc_box_rounded&#8221; onclick=&#8221;custom_link&#8221; link=&#8221;\/toolkit&#8221; css=&#8221;.vc_custom_1589455801881{margin-top: 0px !important;margin-right: 0px !important;margin-bottom: 0px !important;margin-left: 0px !important;padding-top: 0px !important;padding-right: 0px !important;padding-bottom: 0px !important;padding-left: 0px !important;border-radius: 10px !important;}&#8221;][vc_row_inner css=&#8221;.vc_custom_1589455450675{margin-top: 0px !important;margin-right: 0px !important;margin-bottom: -5px !important;margin-left: 0px !important;border-top-width: 0px !important;border-bottom-width: -5px !important;padding-top: 0px !important;padding-right: 0px !important;padding-bottom: 0px !important;padding-left: 0px !important;border-radius: 10px !important;}&#8221;][vc_column_inner css=&#8221;.vc_custom_1589455160113{background-color: #ffffff !important;}&#8221;][vc_column_text]<\/p>\n<h2>Setul de instrumente MAGICSENS. <a href=\"\/?page_id=3207\" target=\"_blank\" rel=\"noopener noreferrer\">Click pentru acces!<\/a><\/h2>\n<p>[\/vc_column_text][\/vc_column_inner][\/vc_row_inner][\/vc_column][vc_column width=&#8221;1\/2&#8243;][vc_empty_space height=&#8221;50px&#8221;][vc_custom_heading text=&#8221;Cursul MAGICSENS&#8221; font_container=&#8221;tag:h2|text_align:center&#8221; use_theme_fonts=&#8221;yes&#8221;][vc_column_text]<div class=\"bb-courses-directory\">\n\t\t\t\t\t\t\t<div id=\"bb-course-list-grid-filters\" class=\"bb-secondary-list-tabs flex align-items-center\">\n\t\t\t\t\t\t\t\t<div class=\"grid-filters push-right\" data-object=\"\">\n\t\t\t\t\t\t\t\t    <a href=\"#\" class=\"layout-view layout-grid-view active bp-tooltip\"  data-view=\"grid\" data-bp-tooltip-pos=\"up\"\n\t\t\t\t\t\t\t\t       data-bp-tooltip=\"Grid View\">\n\t\t\t\t\t\t\t\t        <i class=\"bb-icon-l bb-icon-grid-large\" aria-hidden=\"true\"><\/i>\n\t\t\t\t\t\t\t\t    <\/a>\n\n\t\t\t\t\t\t\t\t    <a href=\"#\" class=\"layout-view layout-list-view bp-tooltip\" data-view=\"list\" data-bp-tooltip-pos=\"up\"\n\t\t\t\t\t\t\t\t       data-bp-tooltip=\" List View\">\n\t\t\t\t\t\t\t\t        <i class=\"bb-icon-l bb-icon-bars\" aria-hidden=\"true\"><\/i>\n\t\t\t\t\t\t\t\t    <\/a>\n\t\t\t\t\t\t\t\t<\/div>\n\t\t\t\t\t\t\t<\/div>\n\t\t\t\t\t\t<\/div><div id=\"ld-course-list-content-2c0641bed4e50afbc8d4da9d5074932c\" class=\"ld-course-list-content\" data-shortcode-atts=\"{&quot;include_outer_wrapper&quot;:&quot;true&quot;,&quot;num&quot;:-1,&quot;paged&quot;:1,&quot;post_type&quot;:&quot;sfwd-courses&quot;,&quot;post_status&quot;:&quot;publish&quot;,&quot;order&quot;:&quot;DESC&quot;,&quot;orderby&quot;:&quot;ID&quot;,&quot;user_id&quot;:false,&quot;mycourses&quot;:null,&quot;mygroups&quot;:null,&quot;post__in&quot;:null,&quot;course_id&quot;:&quot;&quot;,&quot;meta_key&quot;:&quot;&quot;,&quot;meta_value&quot;:&quot;&quot;,&quot;meta_compare&quot;:&quot;&quot;,&quot;tag&quot;:&quot;&quot;,&quot;tag_id&quot;:0,&quot;tag__and&quot;:&quot;&quot;,&quot;tag__in&quot;:&quot;&quot;,&quot;tag__not_in&quot;:&quot;&quot;,&quot;tag_slug__and&quot;:&quot;&quot;,&quot;tag_slug__in&quot;:&quot;&quot;,&quot;cat&quot;:&quot;&quot;,&quot;category_name&quot;:0,&quot;category__and&quot;:&quot;&quot;,&quot;category__in&quot;:&quot;&quot;,&quot;category__not_in&quot;:&quot;&quot;,&quot;tax_compare&quot;:&quot;AND&quot;,&quot;categoryselector&quot;:&quot;&quot;,&quot;show_thumbnail&quot;:&quot;true&quot;,&quot;show_content&quot;:&quot;true&quot;,&quot;author__in&quot;:&quot;&quot;,&quot;col&quot;:&quot;1&quot;,&quot;progress_bar&quot;:&quot;false&quot;,&quot;array&quot;:false,&quot;course_grid&quot;:&quot;true&quot;,&quot;course_categoryselector&quot;:&quot;&quot;,&quot;course_cat&quot;:&quot;&quot;,&quot;course_category_name&quot;:&quot;&quot;,&quot;course_category__and&quot;:&quot;&quot;,&quot;course_category__in&quot;:&quot;&quot;,&quot;course_category__not_in&quot;:&quot;&quot;,&quot;course_tag&quot;:&quot;&quot;,&quot;course_tag_id&quot;:&quot;&quot;,&quot;course_tag__and&quot;:&quot;&quot;,&quot;course_tag__in&quot;:&quot;&quot;,&quot;course_tag__not_in&quot;:&quot;&quot;,&quot;course_tag_slug__and&quot;:&quot;&quot;,&quot;course_tag_slug__in&quot;:&quot;&quot;,&quot;course_status&quot;:null}\">\n\t\t\t<div class=\"ld-course-list-items row\">\n\t<div class=\"ld_course_grid col-sm-12 col-md-12  bb-course-item-wrap\">\n\n\t<div class=\"bb-cover-list-item  \">\n\t\t\n\t\t\t\t<div class=\"bb-course-cover \">\n\t\t\t\t<div class=\"ld-status  ld-third-background\">Not Enrolled<\/div>\t\t\t\t\t\t<a title=\"Cursul MAGICSENS\" href=\"https:\/\/online.magicsens.eu\/ro\/courses\/cursul-magicsens\/\" class=\"bb-cover-wrap\">\n\t\t\t\t\t\t\t<img decoding=\"async\" width=\"624\" height=\"328\" src=\"https:\/\/online.magicsens.eu\/wp-content\/uploads\/2020\/05\/course-1200x630px-2-new-624x328.png\" class=\"attachment-post-thumbnail size-post-thumbnail wp-post-image\" alt=\"\" srcset=\"https:\/\/online.magicsens.eu\/wp-content\/uploads\/2020\/05\/course-1200x630px-2-new-624x328.png 624w, https:\/\/online.magicsens.eu\/wp-content\/uploads\/2020\/05\/course-1200x630px-2-new-300x158.png 300w, https:\/\/online.magicsens.eu\/wp-content\/uploads\/2020\/05\/course-1200x630px-2-new-1024x538.png 1024w, https:\/\/online.magicsens.eu\/wp-content\/uploads\/2020\/05\/course-1200x630px-2-new-768x403.png 768w, https:\/\/online.magicsens.eu\/wp-content\/uploads\/2020\/05\/course-1200x630px-2-new-400x210.png 400w, https:\/\/online.magicsens.eu\/wp-content\/uploads\/2020\/05\/course-1200x630px-2-new.png 1200w\" sizes=\"(max-width: 624px) 100vw, 624px\" \/>\t\t\t\t\t\t<\/a>\n\t\t\t\t\t\t\t\t\t\t<\/div>\n\n\t\t\n\t\t\n\t\t<div class=\"bb-card-course-details\">\n\t\t\t<div class=\"course-lesson-count\">5 Module<\/div>\t\t\t<h2 class=\"bb-course-title\">\n\t\t\t\t<a href=\"https:\/\/online.magicsens.eu\/ro\/courses\/cursul-magicsens\/\">Cursul MAGICSENS<\/a>\n\t\t\t<\/h2>\n\t\t\t\t\t\t\t<p class=\"entry-content\">[vc_row][vc_column][vc_column_text] \u00ceNAINTE DE A \u00ceNCEPE, V\u0102 RUG\u0102M S\u0102 CITI\u0162I CU ATEN\u0162IE! V\u0103 rug\u0103m s\u0103 studia\u0163i materialele prezentate \u00een format PPT&hellip;<\/p>\n\t\t\t\t<div class=\"bb-course-meta\">\n\t\t<a class=\"item-avatar\" href=\"https:\/\/online.magicsens.eu\/ro\/members\/andra\/\" class=\"item-avatar\">\n\t\t<img alt='' src='https:\/\/online.magicsens.eu\/wp-content\/uploads\/avatars\/9\/5ecf7f635db5c-bpthumb.jpg' srcset='https:\/\/online.magicsens.eu\/wp-content\/uploads\/avatars\/9\/5ecf7f635db5c-bpthumb.jpg 2x' class='avatar avatar-80 photo' height='80' width='80' \/>\t<\/a>\n\t<strong>\n\t\t<a href=\"https:\/\/online.magicsens.eu\/ro\/members\/andra\/\">andra<\/a>\n\t<\/strong>\n<\/div>\n\t\t\t\t<div class=\"course-progress-wrap\">\n\t\t\t\t\t\t<div class=\"ld-progress ld-progress-inline\">\n\t\t\t\t\t<div class=\"ld-progress-heading\">\n\t\t\t\t\t\t\t<\/div>\n\n\t\t\t<div class=\"ld-progress-bar\">\n\t\t\t\t<div class=\"ld-progress-bar-percentage ld-secondary-background\" style=\"width:0%\"><\/div>\n\t\t\t<\/div>\n\t\t\t<div class=\"ld-progress-stats\">\n\t\t\t\t<div class=\"ld-progress-percentage ld-secondary-color course-completion-rate\">\n\t\t\t\t\t0% Complet\t\t\t\t<\/div>\n\t\t\t\t<div class=\"ld-progress-steps\">\n\t\t\t\t\t0\/18 Steps\t\t\t\t<\/div>\n\t\t\t<\/div> <!--\/.ld-progress-stats-->\n\t\t\t\t<\/div> <!--\/.ld-progress-->\n\t\t\t\t\t<\/div>\n\t\t\t\t                <p class=\"ld_course_grid_button\"><a class=\"btn btn-primary\" role=\"button\" href=\"https:\/\/online.magicsens.eu\/ro\/courses\/cursul-magicsens\/\" rel=\"bookmark\">See more...<\/a><\/p>\n\t\t\t\t\n\t\t<\/div><!-- .entry-header -->\n\t<\/div><!-- #post-## -->\n<\/div>\n\t<\/div>\n\t\t\t<\/div>\n\t\t[\/vc_column_text][vc_empty_space height=&#8221;50px&#8221;][\/vc_column][\/vc_row][vc_row][vc_column width=&#8221;1\/4&#8243;][\/vc_column][vc_column width=&#8221;1\/2&#8243;][vc_empty_space height=&#8221;50px&#8221;][vc_column_text]<\/p>\n<h3 style=\"text-align: center;\"><span class=\"tlid-translation translation\" lang=\"ro\" tabindex=\"-1\"><span class=\"\" title=\"\">Rucsacul T\u0103u<\/span><\/span><\/h3>\n<p style=\"text-align: center;\">Informa\u021bii despre func\u021bionarea creierului \u0219i \u00eenv\u0103\u021bare, tipurile de TSI &#8211; descriere, manifest\u0103ri \u0219i solu\u021bii la clas\u0103, modele PEP \u0219i PSI,\u00a0 legisla\u021bie, manuale, resurse online. Pentru acces da\u021bi click pe imagine.<\/p>\n<p>[\/vc_column_text][vc_row_inner][vc_column_inner css=&#8221;.vc_custom_1593431427992{background-color: #ffffff !important;}&#8221;][vc_single_image image=&#8221;7253&#8243; img_size=&#8221;full&#8221; alignment=&#8221;center&#8221; onclick=&#8221;custom_link&#8221; img_link_target=&#8221;_blank&#8221; link=&#8221;https:\/\/online.magicsens.eu\/ro\/rucsacul-tau&#8221;][vc_column_text]<\/p>\n<p style=\"text-align: center;\">C\u0103uta\u021bi\u00a0 aici informa\u021bii importante \u0219i de real folos \u00een leg\u0103tura cu CES \u00een Rom\u00e2nia&#8230;<\/p>\n<h2 style=\"text-align: center;\"><a href=\"\/?page_id=3207\" target=\"_blank\" rel=\"noopener noreferrer\">Click pentru acces!<\/a><\/h2>\n<p>[\/vc_column_text][\/vc_column_inner][\/vc_row_inner][\/vc_column][vc_column width=&#8221;1\/4&#8243;][\/vc_column][\/vc_row][vc_row][vc_column][vc_empty_space height=&#8221;50px&#8221;][vc_empty_space height=&#8221;50px&#8221;][vc_column_text]<\/p>\n<h1 style=\"text-align: center;\"><span style=\"color: #01339b;\">Echipa Noastr\u0103<\/span><\/h1>\n<p>[\/vc_column_text][\/vc_column][\/vc_row][vc_row equal_height=&#8221;yes&#8221; content_placement=&#8221;middle&#8221;][vc_column width=&#8221;1\/4&#8243;][vc_empty_space height=&#8221;50px&#8221;][vc_single_image image=&#8221;3090&#8243; img_size=&#8221;full&#8221; alignment=&#8221;center&#8221; onclick=&#8221;custom_link&#8221; img_link_target=&#8221;_blank&#8221; css_animation=&#8221;fadeInUp&#8221; link=&#8221;https:\/\/www.fsli.ro\/&#8221;][vc_empty_space height=&#8221;50px&#8221;][\/vc_column][vc_column width=&#8221;3\/4&#8243;][vc_row_inner][vc_column_inner width=&#8221;1\/3&#8243;][vc_single_image image=&#8221;3098&#8243; img_size=&#8221;medium&#8221; alignment=&#8221;center&#8221; onclick=&#8221;custom_link&#8221; img_link_target=&#8221;_blank&#8221; css_animation=&#8221;fadeInUp&#8221; link=&#8221;https:\/\/www.azione.com\/?lang=en&#8221;][vc_empty_space height=&#8221;50px&#8221;][vc_single_image image=&#8221;3106&#8243; img_size=&#8221;medium&#8221; alignment=&#8221;center&#8221; onclick=&#8221;custom_link&#8221; img_link_target=&#8221;_blank&#8221; css_animation=&#8221;fadeInUp&#8221; link=&#8221;https:\/\/www.dyslexia.ie\/&#8221;][vc_empty_space height=&#8221;50px&#8221;][\/vc_column_inner][vc_column_inner width=&#8221;1\/3&#8243;][vc_single_image image=&#8221;3114&#8243; img_size=&#8221;full&#8221; alignment=&#8221;center&#8221; onclick=&#8221;custom_link&#8221; img_link_target=&#8221;_blank&#8221; css_animation=&#8221;fadeInUp&#8221; link=&#8221;https:\/\/www.p-consulting.gr\/en\/&#8221;][vc_empty_space height=&#8221;50px&#8221;][vc_single_image image=&#8221;3130&#8243; img_size=&#8221;medium&#8221; alignment=&#8221;center&#8221; onclick=&#8221;custom_link&#8221; img_link_target=&#8221;_blank&#8221; css_animation=&#8221;fadeInUp&#8221; link=&#8221;http:\/\/www.centrofare.it\/&#8221;][vc_empty_space height=&#8221;50px&#8221;][\/vc_column_inner][vc_column_inner width=&#8221;1\/3&#8243;][vc_single_image image=&#8221;3122&#8243; img_size=&#8221;medium&#8221; alignment=&#8221;center&#8221; onclick=&#8221;custom_link&#8221; img_link_target=&#8221;_blank&#8221; css_animation=&#8221;fadeInUp&#8221; link=&#8221;http:\/\/www.dislexie.org.ro\/&#8221;][vc_empty_space height=&#8221;50px&#8221;][vc_single_image image=&#8221;3138&#8243; img_size=&#8221;medium&#8221; alignment=&#8221;center&#8221; onclick=&#8221;custom_link&#8221; img_link_target=&#8221;_blank&#8221; css_animation=&#8221;fadeInUp&#8221; link=&#8221;https:\/\/www.ivepe.gr\/en&#8221;][vc_empty_space height=&#8221;50px&#8221;][\/vc_column_inner][\/vc_row_inner][\/vc_column][\/vc_row]<\/p>\n","protected":false},"excerpt":{"rendered":"<p>[vc_row equal_height=&#8221;yes&#8221; content_placement=&#8221;middle&#8221; force_equal_height_columns=&#8221;main_row&#8221;][vc_column][vc_column_text] Bine a\u0163i venit \u00een comunitatea online MAGIC SENS [\/vc_column_text][vc_column_text] [\/vc_column_text][vc_empty_space height=&#8221;50px&#8221;][\/vc_column][\/vc_row][vc_row][vc_column width=&#8221;1\/2&#8243;][vc_empty_space height=&#8221;50px&#8221;][vc_custom_heading text=&#8221;Setul de instrumente MAGICSENS&#8221; font_container=&#8221;tag:h2|text_align:center&#8221; use_theme_fonts=&#8221;yes&#8221;][vc_single_image image=&#8221;3766&#8243; img_size=&#8221;full&#8221;&hellip;<\/p>\n","protected":false},"author":1,"featured_media":3193,"parent":0,"menu_order":0,"comment_status":"closed","ping_status":"closed","template":"","meta":{"footnotes":""},"class_list":["post-4865","page","type-page","status-publish","has-post-thumbnail","hentry"],"_links":{"self":[{"href":"https:\/\/online.magicsens.eu\/ro\/wp-json\/wp\/v2\/pages\/4865"}],"collection":[{"href":"https:\/\/online.magicsens.eu\/ro\/wp-json\/wp\/v2\/pages"}],"about":[{"href":"https:\/\/online.magicsens.eu\/ro\/wp-json\/wp\/v2\/types\/page"}],"author":[{"embeddable":true,"href":"https:\/\/online.magicsens.eu\/ro\/wp-json\/wp\/v2\/users\/1"}],"replies":[{"embeddable":true,"href":"https:\/\/online.magicsens.eu\/ro\/wp-json\/wp\/v2\/comments?post=4865"}],"version-history":[{"count":0,"href":"https:\/\/online.magicsens.eu\/ro\/wp-json\/wp\/v2\/pages\/4865\/revisions"}],"wp:featuredmedia":[{"embeddable":true,"href":"https:\/\/online.magicsens.eu\/ro\/wp-json\/wp\/v2\/media\/3193"}],"wp:attachment":[{"href":"https:\/\/online.magicsens.eu\/ro\/wp-json\/wp\/v2\/media?parent=4865"}],"curies":[{"name":"wp","href":"https:\/\/api.w.org\/{rel}","templated":true}]}}