{"id":4877,"date":"2020-06-02T16:09:22","date_gmt":"2020-06-02T13:09:22","guid":{"rendered":"https:\/\/online.magicsens.eu\/setul-de-instrumente\/"},"modified":"2020-11-12T15:40:35","modified_gmt":"2020-11-12T13:40:35","slug":"setul-de-instrumente","status":"publish","type":"page","link":"https:\/\/online.magicsens.eu\/ro\/setul-de-instrumente\/","title":{"rendered":"Setul de instrumente"},"content":{"rendered":"<p>[vc_row][vc_column][vc_empty_space height=&#8221;80px&#8221;][vc_column_text]<\/p>\n<h2 style=\"text-align: center;\">Manualul MAGICSENS, Set de instrumente pentru profesori<\/h2>\n<p><img decoding=\"async\" class=\"aligncenter wp-image-3737 size-large\" src=\"https:\/\/online.magicsens.eu\/wp-content\/uploads\/2020\/05\/heart-book-banner-1200x630px-1024x538.png\" alt=\"\" width=\"640\" height=\"336\" srcset=\"https:\/\/online.magicsens.eu\/wp-content\/uploads\/2020\/05\/heart-book-banner-1200x630px-1024x538.png 1024w, https:\/\/online.magicsens.eu\/wp-content\/uploads\/2020\/05\/heart-book-banner-1200x630px-300x158.png 300w, https:\/\/online.magicsens.eu\/wp-content\/uploads\/2020\/05\/heart-book-banner-1200x630px-768x403.png 768w, https:\/\/online.magicsens.eu\/wp-content\/uploads\/2020\/05\/heart-book-banner-1200x630px-400x210.png 400w, https:\/\/online.magicsens.eu\/wp-content\/uploads\/2020\/05\/heart-book-banner-1200x630px-624x328.png 624w, https:\/\/online.magicsens.eu\/wp-content\/uploads\/2020\/05\/heart-book-banner-1200x630px.png 1200w\" sizes=\"(max-width: 640px) 100vw, 640px\" \/><\/p>\n<p>Setul de instrumente se \u00eencadreaz\u0103 \u00een <strong>cadrul na\u021bional legal dedicat cerin<\/strong><strong>\u0163elor educative speciale<\/strong> <strong>existente<\/strong> \u00een 4 \u021b\u0103ri europene &#8211; Rom\u00e2nia, Grecia, Irlanda, Italia &#8211; pentru a permite diferi\u021bilor actori \u0219i p\u0103r\u021bi interesate ale lan\u021bului educa\u021bional s\u0103 planifice \u0219i s\u0103 dezvolte mai bine ac\u021biuni \u00een favoarea elevilor cu CES.<\/p>\n<p>Conform acestei perspective, setul de instrumente poate fi folosit \u0219i ca <strong>model la nivel transna\u021bional<\/strong> pentru a sprijini \u0219i stimula competen\u021bele didactice cu referire la CES; \u00een plus, acesta este, de asemenea, menit s\u0103 fie un instrument util pentru a sprijini mai bine evaluarea programelor de mobilitate \u00een Europa, \u00een special cu referire la strategiile \u0219i practicile care vizeaz\u0103 elevii cu CES.<\/p>\n<p>Setul de instrumente se inspir\u0103 din modelul abord\u0103rii\u00a0 \u00a0graduale, care este un ciclu \u00een patru p\u0103r\u021bi prin care ac\u021biunile sunt revizuite \u0219i perfec\u021bionate, astfel \u00eenc\u00e2t s\u0103 \u00a0\u00een\u021belegem nevoile de sprijin ale unui elev. De fapt, profesorii evalueaz\u0103 continuu, planific\u0103, pun \u00een aplicare \u0219i \u00ee\u0219i revizuiesc abordarea \u00een ceea ce prive\u015fte predarea pentru to\u021bi elevii \u0219i, acolo unde a fost identificat\u0103 o poten\u021bial\u0103 nevoie educa\u021bional\u0103 special\u0103, acest proces ciclic ar trebui s\u0103 fie mai adaptat.<\/p>\n<p style=\"text-align: center;\"><strong>Face\u021bi clic mai jos \u0219i descoperi\u021bi setul nostru de instrumente!<\/strong><\/p>\n<p>[\/vc_column_text][vc_empty_space height=&#8221;30px&#8221;][vc_btn title=&#8221;Ghid pentru profesori&#8221; style=&#8221;outline&#8221; color=&#8221;blue&#8221; align=&#8221;center&#8221; link=&#8221;url:https%3A%2F%2Fonline.magicsens.eu%2Fwp-content%2Fuploads%2F2020%2F11%2FCES-Ghid-pentru-profesori-BT.pdf||target:%20_blank|&#8221;][\/vc_column][\/vc_row]<\/p>\n","protected":false},"excerpt":{"rendered":"<p>[vc_row][vc_column][vc_empty_space height=&#8221;80px&#8221;][vc_column_text] Manualul MAGICSENS, Set de instrumente pentru profesori Setul de instrumente se \u00eencadreaz\u0103 \u00een cadrul na\u021bional legal dedicat cerin\u0163elor educative speciale existente \u00een 4&hellip;<\/p>\n","protected":false},"author":1,"featured_media":3243,"parent":0,"menu_order":0,"comment_status":"closed","ping_status":"closed","template":"","meta":{"footnotes":""},"class_list":["post-4877","page","type-page","status-publish","has-post-thumbnail","hentry"],"_links":{"self":[{"href":"https:\/\/online.magicsens.eu\/ro\/wp-json\/wp\/v2\/pages\/4877"}],"collection":[{"href":"https:\/\/online.magicsens.eu\/ro\/wp-json\/wp\/v2\/pages"}],"about":[{"href":"https:\/\/online.magicsens.eu\/ro\/wp-json\/wp\/v2\/types\/page"}],"author":[{"embeddable":true,"href":"https:\/\/online.magicsens.eu\/ro\/wp-json\/wp\/v2\/users\/1"}],"replies":[{"embeddable":true,"href":"https:\/\/online.magicsens.eu\/ro\/wp-json\/wp\/v2\/comments?post=4877"}],"version-history":[{"count":0,"href":"https:\/\/online.magicsens.eu\/ro\/wp-json\/wp\/v2\/pages\/4877\/revisions"}],"wp:featuredmedia":[{"embeddable":true,"href":"https:\/\/online.magicsens.eu\/ro\/wp-json\/wp\/v2\/media\/3243"}],"wp:attachment":[{"href":"https:\/\/online.magicsens.eu\/ro\/wp-json\/wp\/v2\/media?parent=4877"}],"curies":[{"name":"wp","href":"https:\/\/api.w.org\/{rel}","templated":true}]}}